{"id":271,"date":"2025-09-01T09:06:54","date_gmt":"2025-09-01T07:06:54","guid":{"rendered":"https:\/\/heidebes.nl\/historie\/?page_id=271"},"modified":"2025-09-01T09:06:54","modified_gmt":"2025-09-01T07:06:54","slug":"historisch-onderzoek-met-plattegronden","status":"publish","type":"page","link":"https:\/\/heidebes.nl\/historie\/?page_id=271","title":{"rendered":"Historisch onderzoek met plattegronden"},"content":{"rendered":"\n<p>Ge\u00efnteresseerd om zelf wat historisch onderzoek te doen?<br><br>Hier een paar interessante websites, die daar behulpzaam bij kunnen zijn.<br>Noodzakelijk is te weten dat er 2 co\u00f6rdinaatsystemen zijn: <strong>WGS84<\/strong> (bv.Google Maps) en <strong>RD<\/strong>&#8211;<strong>co\u00f6rdinaten,<\/strong> in gebruik bij vooral de Nederlandse Overheid. RD staat voor Rijks Driehoek co\u00f6rdinaten (X en Y voor horizontaal en verticaal).<br>De getallen in RD <strong>stellen meters voor<\/strong>. Dus daar kan (redelijk simpel) mee gerekend worden.<br><br><strong>Topotijdreis<\/strong>&nbsp; ( <a href=\"https:\/\/www.topotijdreis.nl\/\">https:\/\/www.topotijdreis.nl\/<\/a> ) : een verzameling kaarten van Nederland, met een schuifbalk voor de jaartallen. Liggen niet altijd zuiver, maar heel indrukwekkend.(Leuk om met de (klein)kinderen door te nemen)<br><br><strong>Bouwjaren opzoeken<\/strong> ( <a href=\"https:\/\/www.bouwjarenkaart.nl\/\">https:\/\/www.bouwjarenkaart.nl\/<\/a> ) : vul rechtsboven een plaats of adres in, gebruik de (jaartallen)schuifbalk en zie de bestaande gebouwen van nu, oplichten als het bouwjaar nadert<br><br><strong>Gisweb 2.2<\/strong>&nbsp; Rotterdam ( <a href=\"https:\/\/www.gis.rotterdam.nl\/gisweb2\/\">https:\/\/www.gis.rotterdam.nl\/gisweb2\/<\/a> ) : Heel veel info, maar voor historisch onderzoek is vooral de optie \u201cHistorisch Rotterdam \u2013 Stadsdriehoek\u201d van belang. Bij de optie \u201cKaart tonen\u201d komt er (uiteraard) een kaart tevoorschijn met beneden links de co\u00f6rdinaten van de muispunt, in RD-co\u00f6rdinaten.<br><br><strong>Samengevoegde Kadasterkaarten van Rotterdam<\/strong> in 2 vormen:<br><strong>Alleen Rotterdam<\/strong> ( <a href=\"https:\/\/hisgis.nl\/projecten\/rotterdam\/\">https:\/\/hisgis.nl\/projecten\/rotterdam\/<\/a> ).: hier ook linksonder de co\u00f6rdinaten in RD.<br><strong>Zuid-Holland Kustzone<\/strong> ( <a href=\"https:\/\/hisgis.nl\/kaartviewer\/zuid-holland\/\">https:\/\/hisgis.nl\/kaartviewer\/zuid-holland\/<\/a> ): hier klik je een \u201cperceel\u201d aan, zoals het rond 1830 op de kadasterkaart ingetekend is, en er komen dan de gegevens van het perceel tevoorschijn, inclusief co\u00f6rdinaten. (maar lastig is dat je niet weet of bv. de duim of de wijsvinger de locatie aan geeft).<br>NB. Co\u00f6rdinaten van Rotterdam in Gisweb en HisGis stemmen overeen.<br><br><strong>Omrekenen van co\u00f6rdinaten<\/strong> via Stapeltellen ( <a href=\"https:\/\/www.stapeltellen.nl\/\">https:\/\/www.stapeltellen.nl\/<\/a> ) : Deze website is (tot mijn grote frustatie) inmiddels (augustus 2025) helaas uit de lucht.<br>Moet dus de diverse opties (behoeften) nu over meerdere websites opzoeken.<br>Dan maar als eerste deze gaan gebruiken voor converteren van RD naar WGS84 en andersom: <a href=\"https:\/\/www.gpscoordinaten.nl\/converteer-rd-coordinaten.php\">https:\/\/www.gpscoordinaten.nl\/converteer-rd-coordinaten.php<\/a> . Fijn is dat achter de resultaten een donker cirkeltje staat (met 2 tekstblokjes er in). Daarmee kopieer je het resultaat in het format wat je hebben wil, bv naar een spreadsheet.<br>De volgende: <a href=\"https:\/\/www.javawa.nl\/coords.html\">https:\/\/www.javawa.nl\/coords.html<\/a> . Onderdeel van <a href=\"https:\/\/www.javawa.nl\/rtwtool.html\">Geo<\/a> Javawa . Deze website die niet verder ontwikkeld wordt, maar waarvan diverse onderdelen nog wel in de lucht blijven (hoop ik). Belangrijk is&nbsp;&nbsp; <a href=\"https:\/\/www.geo.javawa.nl\/coordcalc\/\">https:\/\/www.geo.javawa.nl\/coordcalc\/<\/a> . Klik die eens aan en kijk linksboven bij berekening wat er mogelijk is. Door het uitvallen van Stapeltellen vind ik hier gelukkig optie 10: \u201cSnijpunten van 2 cirkels\u201d. Zal blijken dat deze erg belangrijk is. Bekijk alvast ook eens de diverse opties rechtsboven.<br>Er zijn dus vele wegen die naar Rome leiden. Elk met zijn eigen charmes en onhebbelijkheden, zeg ik altijd maar.<br><br><strong>De Erfgoed Atlas<\/strong>. ( <a href=\"https:\/\/rce.webgis.nl\/nl\/map\/erfgoedatlas\">https:\/\/rce.webgis.nl\/nl\/map\/erfgoedatlas<\/a> ).<br>Ik moet waarschuwen dat dit een complexe website is die indrukwekkend veel fraaie informatie geeft.<br><strong>Een ijzersterk punt<\/strong> is dat je lagen boven elkaar kan gebruiken en dan bv. van \u00e9\u00e9n van de lagen de transparantie gaat wijzigen. Een ander sterkpunt is dat er meetgereedschap aan boord is : <strong>afstand- en oppervlakte meten<\/strong>.<br>De RD co\u00f6rdinaten van de muispunt staan rechtsonder.<br>Een website voor de doorzetter op een regenachtige zondagmiddag. Maar heel belangrijk om mee om te gaan.<br><br>Bezoek eens de websites van het <strong>Gemeente Archief<\/strong> ( <a href=\"https:\/\/stadsarchief.rotterdam.nl\/\">https:\/\/stadsarchief.rotterdam.nl\/<\/a> ) en <strong>Hoogheemraadschap van&nbsp; Schieland en Krimpenerwaard<\/strong> ( <a href=\"https:\/\/www.schielandendekrimpenerwaard.nl\/\">https:\/\/www.schielandendekrimpenerwaard.nl\/<\/a> ) en bezoek de beeldbanken.<br><br>En dan dichter bij huis : <strong>onze websites<\/strong>.<br><strong>De Ommoordse Polder (D.O.P.)<\/strong> : 2 websites: OUD <a href=\"https:\/\/historie.heidebes.nl\/\">https:\/\/historie.heidebes.nl\/<\/a> \u2026en NIEUW : https:\/\/heidebes.nl\/historie\/<br>Kijk hier ook voor de inloop dagen.<br><strong>Historische Commissie van Terbregge\u2019s belang<\/strong> : https:\/\/terbregge.nl\/hs\/&nbsp; met een fraaie beeldbank<br>Voor andere historische verenigingen in de regio bekijk : https:\/\/heidebes.nl\/historie\/?page_id=47.<br><br>Voor meer toelichting of uitleg over bovengenoemde websites , bezoek de inloopmiddagen van D.O.P. op de 3<sup>e<\/sup> donderdag van de maand, van 13:30 tot 16:30. Ik ben daar meestal aanwezig en geef die uitleg graag.<\/p>\n\n\n\n<p>Met .vriendelijk groet,&nbsp; Frits Farinaux<\/p>\n\n\n\n<p><\/p>\n","protected":false},"excerpt":{"rendered":"<p>Ge\u00efnteresseerd om zelf wat historisch onderzoek te doen? Hier een paar interessante websites, die daar behulpzaam bij kunnen zijn.Noodzakelijk is te weten dat er 2 co\u00f6rdinaatsystemen zijn: WGS84 (bv.Google Maps) en RD&#8211;co\u00f6rdinaten, in gebruik bij vooral de Nederlandse Overheid. RD staat voor Rijks Driehoek co\u00f6rdinaten (X en Y voor horizontaal en verticaal).De getallen in RD &hellip; <\/p>\n<p class=\"link-more\"><a href=\"https:\/\/heidebes.nl\/historie\/?page_id=271\" class=\"more-link\">Lees verder <span class=\"screen-reader-text\">&#8220;Historisch onderzoek met plattegronden&#8221;<\/span><\/a><\/p>\n","protected":false},"author":1,"featured_media":0,"parent":0,"menu_order":18,"comment_status":"closed","ping_status":"closed","template":"","meta":{"footnotes":""},"class_list":["post-271","page","type-page","status-publish","hentry"],"_links":{"self":[{"href":"https:\/\/heidebes.nl\/historie\/index.php?rest_route=\/wp\/v2\/pages\/271","targetHints":{"allow":["GET"]}}],"collection":[{"href":"https:\/\/heidebes.nl\/historie\/index.php?rest_route=\/wp\/v2\/pages"}],"about":[{"href":"https:\/\/heidebes.nl\/historie\/index.php?rest_route=\/wp\/v2\/types\/page"}],"author":[{"embeddable":true,"href":"https:\/\/heidebes.nl\/historie\/index.php?rest_route=\/wp\/v2\/users\/1"}],"replies":[{"embeddable":true,"href":"https:\/\/heidebes.nl\/historie\/index.php?rest_route=%2Fwp%2Fv2%2Fcomments&post=271"}],"version-history":[{"count":1,"href":"https:\/\/heidebes.nl\/historie\/index.php?rest_route=\/wp\/v2\/pages\/271\/revisions"}],"predecessor-version":[{"id":272,"href":"https:\/\/heidebes.nl\/historie\/index.php?rest_route=\/wp\/v2\/pages\/271\/revisions\/272"}],"wp:attachment":[{"href":"https:\/\/heidebes.nl\/historie\/index.php?rest_route=%2Fwp%2Fv2%2Fmedia&parent=271"}],"curies":[{"name":"wp","href":"https:\/\/api.w.org\/{rel}","templated":true}]}}